{"id":3275,"date":"2026-01-14T01:22:17","date_gmt":"2026-01-14T01:22:17","guid":{"rendered":"https:\/\/www.contimaca.com\/ni\/?post_type=product&#038;p=3275"},"modified":"2026-01-16T23:24:20","modified_gmt":"2026-01-16T23:24:20","slug":"graphtec-ce7000-130","status":"publish","type":"product","link":"https:\/\/www.contimaca.com\/ni\/producto\/graphtec-ce7000-130\/","title":{"rendered":"GRAPHTEC CE7000-130"},"content":{"rendered":"<p>[et_pb_section fb_built=\u00bb1&#8243; _builder_version=\u00bb4.16&#8243; custom_padding=\u00bb0px||0px||false|false\u00bb global_colors_info=\u00bb{}\u00bb][et_pb_row disabled_on=\u00bbon|on|off\u00bb _builder_version=\u00bb4.16&#8243; background_size=\u00bbinitial\u00bb background_position=\u00bbtop_left\u00bb background_repeat=\u00bbrepeat\u00bb width=\u00bb100%\u00bb custom_padding=\u00bb0px||15px||false|false\u00bb global_colors_info=\u00bb{}\u00bb][et_pb_column type=\u00bb4_4&#8243; _builder_version=\u00bb4.16&#8243; custom_padding=\u00bb|||\u00bb global_colors_info=\u00bb{}\u00bb custom_padding__hover=\u00bb|||\u00bb][et_pb_wc_breadcrumb disabled_on=\u00bbon|off|off\u00bb _builder_version=\u00bb4.16&#8243; body_font=\u00bbMontserrat||||||||\u00bb body_text_color=\u00bb#0A5D2A\u00bb custom_margin=\u00bb|||100px|false|false\u00bb custom_margin_tablet=\u00bb|||0px|false|false\u00bb custom_margin_phone=\u00bb|||0px|false|false\u00bb custom_margin_last_edited=\u00bbon|phone\u00bb body_font_size_tablet=\u00bb13px\u00bb body_font_size_phone=\u00bb\u00bb body_font_size_last_edited=\u00bbon|desktop\u00bb global_colors_info=\u00bb{}\u00bb][\/et_pb_wc_breadcrumb][\/et_pb_column][\/et_pb_row][et_pb_row column_structure=\u00bb1_2,1_2&#8243; _builder_version=\u00bb4.16&#8243; background_size=\u00bbinitial\u00bb background_position=\u00bbtop_left\u00bb background_repeat=\u00bbrepeat\u00bb width=\u00bb100%\u00bb custom_padding=\u00bb0px||0px||false|false\u00bb global_colors_info=\u00bb{}\u00bb][et_pb_column type=\u00bb1_2&#8243; _builder_version=\u00bb4.16&#8243; custom_padding=\u00bb|||\u00bb global_colors_info=\u00bb{}\u00bb custom_padding__hover=\u00bb|||\u00bb][et_pb_wc_images show_sale_badge=\u00bboff\u00bb _builder_version=\u00bb4.16&#8243; global_colors_info=\u00bb{}\u00bb][\/et_pb_wc_images][\/et_pb_column][et_pb_column type=\u00bb1_2&#8243; _builder_version=\u00bb4.16&#8243; custom_padding=\u00bb|||\u00bb global_colors_info=\u00bb{}\u00bb custom_padding__hover=\u00bb|||\u00bb][et_pb_wc_title _builder_version=\u00bb4.16&#8243; header_font=\u00bbMontserrat|600|||||||\u00bb custom_margin_tablet=\u00bb|||20px|false|false\u00bb custom_margin_phone=\u00bb|||20px|false|false\u00bb custom_margin_last_edited=\u00bbon|phone\u00bb global_colors_info=\u00bb{}\u00bb][\/et_pb_wc_title][et_pb_wc_price _builder_version=\u00bb4.16&#8243; global_colors_info=\u00bb{}\u00bb][\/et_pb_wc_price][et_pb_wc_description _builder_version=\u00bb4.16&#8243; body_font=\u00bbMontserrat||||||||\u00bb custom_margin_tablet=\u00bb|||24px|false|false\u00bb custom_margin_phone=\u00bb\u00bb custom_margin_last_edited=\u00bbon|tablet\u00bb global_colors_info=\u00bb{}\u00bb][\/et_pb_wc_description][et_pb_button url_new_window=\u00bbon\u00bb button_text=\u00bbBrochure\u00bb _builder_version=\u00bb4.27.4&#8243; _module_preset=\u00bbdefault\u00bb custom_button=\u00bbon\u00bb button_text_color=\u00bb#0A5D2A\u00bb custom_margin=\u00bb-7px|||||\u00bb custom_margin_tablet=\u00bb|||30px|false|false\u00bb custom_margin_phone=\u00bb\u00bb custom_margin_last_edited=\u00bbon|phone\u00bb hover_enabled=\u00bb0&#8243; global_colors_info=\u00bb{}\u00bb sticky_enabled=\u00bb0&#8243; button_url=\u00bbhttps:\/\/www.contimaca.com\/ni\/wp-content\/uploads\/2026\/01\/GRAPHTEC-CE7000-Brochure-1.pdf\u00bb][\/et_pb_button][et_pb_image src=\u00bbhttps:\/\/www.contimaca.com\/ni\/wp-content\/uploads\/2026\/01\/Graphtec-Logo-1024&#215;256-1-e1676381760520.png\u00bb alt=\u00bbKonica Minolta Logo Contimaca\u00bb title_text=\u00bbGraphtec-Logo-1024&#215;256-1-e1676381760520&#8243; _builder_version=\u00bb4.27.4&#8243; _module_preset=\u00bbdefault\u00bb width=\u00bb51%\u00bb custom_margin=\u00bb-5px||22px|||\u00bb custom_margin_tablet=\u00bb|||30px|false|false\u00bb custom_margin_phone=\u00bb|||30px|false|false\u00bb custom_margin_last_edited=\u00bbon|desktop\u00bb custom_padding=\u00bb0px|||||\u00bb global_colors_info=\u00bb{}\u00bb][\/et_pb_image][et_pb_wc_add_to_cart _builder_version=\u00bb4.16&#8243; global_colors_info=\u00bb{}\u00bb][\/et_pb_wc_add_to_cart][\/et_pb_column][\/et_pb_row][\/et_pb_section]<\/p>\n","protected":false},"excerpt":{"rendered":"<ul>\n<li>La serie Graphtec CE7000 es la soluci\u00f3n perfecta para aquellos que buscan aumentar la producci\u00f3n con mayor eficiencia para gr\u00e1ficos de se\u00f1alizaci\u00f3n, gr\u00e1ficos de impresi\u00f3n y corte, pop y embalaje, mercados automotriz y muchos m\u00e1s. La rigidez se ha mejorado en comparaci\u00f3n con el modelo anterior, que tambi\u00e9n ha mejorado su calidad de alimentaci\u00f3n y corte.\n<ul>\n<li>M\u00e1ximo Ancho de Corte: 50 pulgadas<\/li>\n<li>M\u00e1xima Velocidad de Corte: 39\u201d\/s en una Direcci\u00f3n de 45\u00b0<\/li>\n<li>Fuerza de Corte: 450gf en 38 Pasos<\/li>\n<\/ul>\n<\/li>\n<\/ul>\n","protected":false},"featured_media":3276,"template":"","meta":{"_et_pb_use_builder":"on","_et_pb_old_content":"Las impresoras COMCOLOR GL tienen alta productividad con la velocidad de impresi\u00f3n m\u00e1s r\u00e1pida del mundo de 165 p\u00e1ginas por minuto, para producir una amplia gama de documentos e impresiones transaccionales.","_et_gb_content_width":""},"product_cat":[59,60],"product_tag":[],"class_list":{"0":"post-3275","1":"product","2":"type-product","3":"status-publish","4":"has-post-thumbnail","6":"product_cat-equiposdecorte","7":"product_cat-plotterdecorte","9":"first","10":"instock","11":"shipping-taxable","12":"product-type-simple"},"_links":{"self":[{"href":"https:\/\/www.contimaca.com\/ni\/wp-json\/wp\/v2\/product\/3275","targetHints":{"allow":["GET"]}}],"collection":[{"href":"https:\/\/www.contimaca.com\/ni\/wp-json\/wp\/v2\/product"}],"about":[{"href":"https:\/\/www.contimaca.com\/ni\/wp-json\/wp\/v2\/types\/product"}],"wp:featuredmedia":[{"embeddable":true,"href":"https:\/\/www.contimaca.com\/ni\/wp-json\/wp\/v2\/media\/3276"}],"wp:attachment":[{"href":"https:\/\/www.contimaca.com\/ni\/wp-json\/wp\/v2\/media?parent=3275"}],"wp:term":[{"taxonomy":"product_cat","embeddable":true,"href":"https:\/\/www.contimaca.com\/ni\/wp-json\/wp\/v2\/product_cat?post=3275"},{"taxonomy":"product_tag","embeddable":true,"href":"https:\/\/www.contimaca.com\/ni\/wp-json\/wp\/v2\/product_tag?post=3275"}],"curies":[{"name":"wp","href":"https:\/\/api.w.org\/{rel}","templated":true}]}}