{"id":3204,"date":"2026-01-13T21:52:18","date_gmt":"2026-01-13T21:52:18","guid":{"rendered":"https:\/\/www.contimaca.com\/ni\/?post_type=product&#038;p=3204"},"modified":"2026-03-11T23:11:49","modified_gmt":"2026-03-11T23:11:49","slug":"platinum-kcl","status":"publish","type":"product","link":"https:\/\/www.contimaca.com\/ni\/producto\/platinum-kcl\/","title":{"rendered":"PLATINUM KCL"},"content":{"rendered":"<p>[et_pb_section fb_built=\u00bb1&#8243; _builder_version=\u00bb4.16&#8243; custom_padding=\u00bb0px||0px||false|false\u00bb global_colors_info=\u00bb{}\u00bb][et_pb_row disabled_on=\u00bbon|on|off\u00bb _builder_version=\u00bb4.16&#8243; background_size=\u00bbinitial\u00bb background_position=\u00bbtop_left\u00bb background_repeat=\u00bbrepeat\u00bb width=\u00bb100%\u00bb custom_padding=\u00bb0px||15px||false|false\u00bb global_colors_info=\u00bb{}\u00bb][et_pb_column type=\u00bb4_4&#8243; _builder_version=\u00bb4.16&#8243; custom_padding=\u00bb|||\u00bb global_colors_info=\u00bb{}\u00bb custom_padding__hover=\u00bb|||\u00bb][et_pb_wc_breadcrumb disabled_on=\u00bbon|off|off\u00bb _builder_version=\u00bb4.16&#8243; body_font=\u00bbMontserrat||||||||\u00bb body_text_color=\u00bb#0A5D2A\u00bb custom_margin=\u00bb|||100px|false|false\u00bb custom_margin_tablet=\u00bb|||0px|false|false\u00bb custom_margin_phone=\u00bb|||0px|false|false\u00bb custom_margin_last_edited=\u00bbon|phone\u00bb body_font_size_tablet=\u00bb13px\u00bb body_font_size_phone=\u00bb\u00bb body_font_size_last_edited=\u00bbon|desktop\u00bb global_colors_info=\u00bb{}\u00bb][\/et_pb_wc_breadcrumb][\/et_pb_column][\/et_pb_row][et_pb_row column_structure=\u00bb1_2,1_2&#8243; _builder_version=\u00bb4.16&#8243; background_size=\u00bbinitial\u00bb background_position=\u00bbtop_left\u00bb background_repeat=\u00bbrepeat\u00bb width=\u00bb100%\u00bb custom_padding=\u00bb0px||0px||false|false\u00bb global_colors_info=\u00bb{}\u00bb][et_pb_column type=\u00bb1_2&#8243; _builder_version=\u00bb4.16&#8243; custom_padding=\u00bb|||\u00bb global_colors_info=\u00bb{}\u00bb custom_padding__hover=\u00bb|||\u00bb][et_pb_wc_images show_sale_badge=\u00bboff\u00bb _builder_version=\u00bb4.16&#8243; global_colors_info=\u00bb{}\u00bb][\/et_pb_wc_images][\/et_pb_column][et_pb_column type=\u00bb1_2&#8243; _builder_version=\u00bb4.16&#8243; custom_padding=\u00bb|||\u00bb global_colors_info=\u00bb{}\u00bb custom_padding__hover=\u00bb|||\u00bb][et_pb_wc_title _builder_version=\u00bb4.16&#8243; header_font=\u00bbMontserrat|600|||||||\u00bb custom_margin_tablet=\u00bb|||20px|false|false\u00bb custom_margin_phone=\u00bb|||20px|false|false\u00bb custom_margin_last_edited=\u00bbon|phone\u00bb global_colors_info=\u00bb{}\u00bb][\/et_pb_wc_title][et_pb_wc_price _builder_version=\u00bb4.16&#8243; global_colors_info=\u00bb{}\u00bb][\/et_pb_wc_price][et_pb_wc_description _builder_version=\u00bb4.16&#8243; body_font=\u00bbMontserrat||||||||\u00bb custom_margin_tablet=\u00bb|||24px|false|false\u00bb custom_margin_phone=\u00bb\u00bb custom_margin_last_edited=\u00bbon|tablet\u00bb global_colors_info=\u00bb{}\u00bb][\/et_pb_wc_description][et_pb_button button_url=\u00bbhttps:\/\/www.contimaca.com\/ni\/wp-content\/uploads\/2026\/01\/Ficha-T\u201acnica-PLATINUM-KCL.pdf\u00bb url_new_window=\u00bbon\u00bb button_text=\u00bbBrochure\u00bb _builder_version=\u00bb4.27.4&#8243; _module_preset=\u00bbdefault\u00bb custom_button=\u00bbon\u00bb button_text_color=\u00bb#0A5D2A\u00bb custom_margin=\u00bb-7px|||||\u00bb custom_margin_tablet=\u00bb|||30px|false|false\u00bb custom_margin_phone=\u00bb\u00bb custom_margin_last_edited=\u00bbon|phone\u00bb global_colors_info=\u00bb{}\u00bb][\/et_pb_button][et_pb_image src=\u00bbhttps:\/\/www.contimaca.com\/ni\/wp-content\/uploads\/2025\/11\/liyu.png\u00bb alt=\u00bbKonica Minolta Logo Contimaca\u00bb title_text=\u00bbliyu\u00bb _builder_version=\u00bb4.27.4&#8243; _module_preset=\u00bbdefault\u00bb width=\u00bb51%\u00bb custom_margin=\u00bb-5px|||||\u00bb custom_margin_tablet=\u00bb|||30px|false|false\u00bb custom_margin_phone=\u00bb|||30px|false|false\u00bb custom_margin_last_edited=\u00bbon|desktop\u00bb custom_padding=\u00bb0px|||||\u00bb hover_enabled=\u00bb0&#8243; global_colors_info=\u00bb{}\u00bb sticky_enabled=\u00bb0&#8243;][\/et_pb_image][et_pb_wc_add_to_cart _builder_version=\u00bb4.16&#8243; global_colors_info=\u00bb{}\u00bb][\/et_pb_wc_add_to_cart][\/et_pb_column][\/et_pb_row][\/et_pb_section]<\/p>\n","protected":false},"excerpt":{"rendered":"<ul>\n<li>Cantidad de Cabezales: 4\/16<\/li>\n<li>Tipo de Cabezal: Konica Minolta 1024A &#8211; Ricoh Gen6<\/li>\n<li>Tama\u00f1o de la gota: Konica 7Pl. \/ Gen6 -5Pl.<\/li>\n<li>Configuraci\u00f3n de la tinta: CMYK (opcional blanco y barniz)<\/li>\n<li>Tipo de tinta: Curado UV \u2013 LED<\/li>\n<li>Tama\u00f1o de impresi\u00f3n: 2500 x 1250 mm<\/li>\n<li>Resoluci\u00f3n de impresi\u00f3n: Konica 1440dpi &#8211; Ricoh 2400 dpi (CMYK)<\/li>\n<li>M\u00e1xima velocidad de impresi\u00f3n: 45-35 mts\u00b2\/hr modo draft<\/li>\n<li>Requerimientos el\u00e9ctricos: 230 V (+ \/ -) \/ 22 A \/ 50Hz<\/li>\n<\/ul>\n","protected":false},"featured_media":3209,"template":"","meta":{"_et_pb_use_builder":"on","_et_pb_old_content":"Impresionantes velocidad y calidad en impresi\u00f3n, funciones avanzadas de productividad, y confiabilidad y soporte insuperables hacen de la impresora de inyecci\u00f3n de tinta de formato grande VersaEXPRESS RF-640 la decisi\u00f3n inteligente para su negocio.","_et_gb_content_width":""},"product_cat":[56,50],"product_tag":[],"class_list":{"0":"post-3204","1":"product","2":"type-product","3":"status-publish","4":"has-post-thumbnail","6":"product_cat-camaplanauv","7":"product_cat-equiposdeimpresion","9":"first","10":"instock","11":"shipping-taxable","12":"product-type-simple"},"_links":{"self":[{"href":"https:\/\/www.contimaca.com\/ni\/wp-json\/wp\/v2\/product\/3204","targetHints":{"allow":["GET"]}}],"collection":[{"href":"https:\/\/www.contimaca.com\/ni\/wp-json\/wp\/v2\/product"}],"about":[{"href":"https:\/\/www.contimaca.com\/ni\/wp-json\/wp\/v2\/types\/product"}],"wp:featuredmedia":[{"embeddable":true,"href":"https:\/\/www.contimaca.com\/ni\/wp-json\/wp\/v2\/media\/3209"}],"wp:attachment":[{"href":"https:\/\/www.contimaca.com\/ni\/wp-json\/wp\/v2\/media?parent=3204"}],"wp:term":[{"taxonomy":"product_cat","embeddable":true,"href":"https:\/\/www.contimaca.com\/ni\/wp-json\/wp\/v2\/product_cat?post=3204"},{"taxonomy":"product_tag","embeddable":true,"href":"https:\/\/www.contimaca.com\/ni\/wp-json\/wp\/v2\/product_tag?post=3204"}],"curies":[{"name":"wp","href":"https:\/\/api.w.org\/{rel}","templated":true}]}}