{"id":3172,"date":"2026-01-13T20:45:45","date_gmt":"2026-01-13T20:45:45","guid":{"rendered":"https:\/\/www.contimaca.com\/ni\/?post_type=product&#038;p=3172"},"modified":"2026-03-11T23:11:11","modified_gmt":"2026-03-11T23:11:11","slug":"platinum-pct","status":"publish","type":"product","link":"https:\/\/www.contimaca.com\/ni\/producto\/platinum-pct\/","title":{"rendered":"PLATINUM PCT"},"content":{"rendered":"<p>[et_pb_section fb_built=\u00bb1&#8243; _builder_version=\u00bb4.16&#8243; custom_padding=\u00bb0px||0px||false|false\u00bb global_colors_info=\u00bb{}\u00bb][et_pb_row disabled_on=\u00bbon|on|off\u00bb _builder_version=\u00bb4.16&#8243; background_size=\u00bbinitial\u00bb background_position=\u00bbtop_left\u00bb background_repeat=\u00bbrepeat\u00bb width=\u00bb100%\u00bb custom_padding=\u00bb0px||15px||false|false\u00bb global_colors_info=\u00bb{}\u00bb][et_pb_column type=\u00bb4_4&#8243; _builder_version=\u00bb4.16&#8243; custom_padding=\u00bb|||\u00bb global_colors_info=\u00bb{}\u00bb custom_padding__hover=\u00bb|||\u00bb][et_pb_wc_breadcrumb disabled_on=\u00bbon|off|off\u00bb _builder_version=\u00bb4.16&#8243; body_font=\u00bbMontserrat||||||||\u00bb body_text_color=\u00bb#0A5D2A\u00bb custom_margin=\u00bb|||100px|false|false\u00bb custom_margin_tablet=\u00bb|||0px|false|false\u00bb custom_margin_phone=\u00bb|||0px|false|false\u00bb custom_margin_last_edited=\u00bbon|phone\u00bb body_font_size_tablet=\u00bb13px\u00bb body_font_size_phone=\u00bb\u00bb body_font_size_last_edited=\u00bbon|desktop\u00bb global_colors_info=\u00bb{}\u00bb][\/et_pb_wc_breadcrumb][\/et_pb_column][\/et_pb_row][et_pb_row column_structure=\u00bb1_2,1_2&#8243; _builder_version=\u00bb4.16&#8243; background_size=\u00bbinitial\u00bb background_position=\u00bbtop_left\u00bb background_repeat=\u00bbrepeat\u00bb width=\u00bb100%\u00bb custom_padding=\u00bb0px||0px||false|false\u00bb global_colors_info=\u00bb{}\u00bb][et_pb_column type=\u00bb1_2&#8243; _builder_version=\u00bb4.16&#8243; custom_padding=\u00bb|||\u00bb global_colors_info=\u00bb{}\u00bb custom_padding__hover=\u00bb|||\u00bb][et_pb_wc_images show_sale_badge=\u00bboff\u00bb _builder_version=\u00bb4.16&#8243; global_colors_info=\u00bb{}\u00bb][\/et_pb_wc_images][\/et_pb_column][et_pb_column type=\u00bb1_2&#8243; _builder_version=\u00bb4.16&#8243; custom_padding=\u00bb|||\u00bb global_colors_info=\u00bb{}\u00bb custom_padding__hover=\u00bb|||\u00bb][et_pb_wc_title _builder_version=\u00bb4.16&#8243; header_font=\u00bbMontserrat|600|||||||\u00bb custom_margin_tablet=\u00bb|||20px|false|false\u00bb custom_margin_phone=\u00bb|||20px|false|false\u00bb custom_margin_last_edited=\u00bbon|phone\u00bb global_colors_info=\u00bb{}\u00bb][\/et_pb_wc_title][et_pb_wc_price _builder_version=\u00bb4.16&#8243; global_colors_info=\u00bb{}\u00bb][\/et_pb_wc_price][et_pb_wc_description _builder_version=\u00bb4.16&#8243; body_font=\u00bbMontserrat||||||||\u00bb custom_margin_tablet=\u00bb|||24px|false|false\u00bb custom_margin_phone=\u00bb\u00bb custom_margin_last_edited=\u00bbon|tablet\u00bb global_colors_info=\u00bb{}\u00bb][\/et_pb_wc_description][et_pb_button button_url=\u00bbhttps:\/\/www.contimaca.com\/ni\/wp-content\/uploads\/2026\/01\/Ficha-T\u201acnica-PLATINUM-PCT-1.pdf\u00bb url_new_window=\u00bbon\u00bb button_text=\u00bbBrochure\u00bb _builder_version=\u00bb4.27.4&#8243; _module_preset=\u00bbdefault\u00bb custom_button=\u00bbon\u00bb button_text_color=\u00bb#0A5D2A\u00bb custom_margin=\u00bb-7px|||||\u00bb custom_margin_tablet=\u00bb|||30px|false|false\u00bb custom_margin_phone=\u00bb\u00bb custom_margin_last_edited=\u00bbon|phone\u00bb global_colors_info=\u00bb{}\u00bb][\/et_pb_button][et_pb_image src=\u00bbhttps:\/\/www.contimaca.com\/ni\/wp-content\/uploads\/2025\/11\/liyu.png\u00bb alt=\u00bbKonica Minolta Logo Contimaca\u00bb title_text=\u00bbliyu\u00bb _builder_version=\u00bb4.27.4&#8243; _module_preset=\u00bbdefault\u00bb width=\u00bb51%\u00bb custom_margin=\u00bb-5px|||||\u00bb custom_margin_tablet=\u00bb|||30px|false|false\u00bb custom_margin_phone=\u00bb|||30px|false|false\u00bb custom_margin_last_edited=\u00bbon|desktop\u00bb custom_padding=\u00bb0px|||||\u00bb hover_enabled=\u00bb0&#8243; global_colors_info=\u00bb{}\u00bb sticky_enabled=\u00bb0&#8243;][\/et_pb_image][et_pb_wc_add_to_cart _builder_version=\u00bb4.16&#8243; global_colors_info=\u00bb{}\u00bb][\/et_pb_wc_add_to_cart][\/et_pb_column][\/et_pb_row][\/et_pb_section]<\/p>\n","protected":false},"excerpt":{"rendered":"<p>Platinum PCT acelera su producci\u00f3n con tecnolog\u00eda avanzada, sin comprometer la calidad.<\/p>\n<ul>\n<li>Impresionante detalle con\u00a0impresi\u00f3n de alta resoluci\u00f3n de 2880 ppp<\/li>\n<li>Panel de control LCD intuitivo y f\u00e1cil de usar\u00a0para un f\u00e1cil manejo<\/li>\n<li>Calentadores hal\u00f3genos ajustables\u00a0para un secado \u00f3ptimo adaptado a cada impresi\u00f3n<\/li>\n<li>\u00c1rea de impresi\u00f3n iluminada por LED\u00a0para una visibilidad total y monitoreo en tiempo real<\/li>\n<li>Con Platinum PCT Solvent, experimente el equilibrio perfecto entre calidad y productividad.<\/li>\n<li>La elecci\u00f3n de los profesionales, donde la fiabilidad se encuentra con la tecnolog\u00eda de vanguardia.<\/li>\n<\/ul>\n","protected":false},"featured_media":3183,"template":"","meta":{"_et_pb_use_builder":"on","_et_pb_old_content":"Impresionantes velocidad y calidad en impresi\u00f3n, funciones avanzadas de productividad, y confiabilidad y soporte insuperables hacen de la impresora de inyecci\u00f3n de tinta de formato grande VersaEXPRESS RF-640 la decisi\u00f3n inteligente para su negocio.","_et_gb_content_width":""},"product_cat":[50,53],"product_tag":[],"class_list":{"0":"post-3172","1":"product","2":"type-product","3":"status-publish","4":"has-post-thumbnail","6":"product_cat-equiposdeimpresion","7":"product_cat-solvente","9":"first","10":"instock","11":"shipping-taxable","12":"product-type-simple"},"_links":{"self":[{"href":"https:\/\/www.contimaca.com\/ni\/wp-json\/wp\/v2\/product\/3172","targetHints":{"allow":["GET"]}}],"collection":[{"href":"https:\/\/www.contimaca.com\/ni\/wp-json\/wp\/v2\/product"}],"about":[{"href":"https:\/\/www.contimaca.com\/ni\/wp-json\/wp\/v2\/types\/product"}],"wp:featuredmedia":[{"embeddable":true,"href":"https:\/\/www.contimaca.com\/ni\/wp-json\/wp\/v2\/media\/3183"}],"wp:attachment":[{"href":"https:\/\/www.contimaca.com\/ni\/wp-json\/wp\/v2\/media?parent=3172"}],"wp:term":[{"taxonomy":"product_cat","embeddable":true,"href":"https:\/\/www.contimaca.com\/ni\/wp-json\/wp\/v2\/product_cat?post=3172"},{"taxonomy":"product_tag","embeddable":true,"href":"https:\/\/www.contimaca.com\/ni\/wp-json\/wp\/v2\/product_tag?post=3172"}],"curies":[{"name":"wp","href":"https:\/\/api.w.org\/{rel}","templated":true}]}}