{"id":2698,"date":"2022-11-25T23:21:12","date_gmt":"2022-11-25T23:21:12","guid":{"rendered":"https:\/\/www.contimaca.com\/ni\/?post_type=product&#038;p=2698"},"modified":"2022-11-28T22:15:42","modified_gmt":"2022-11-28T22:15:42","slug":"banner-brillante-s-canuto-exterior","status":"publish","type":"product","link":"https:\/\/www.contimaca.com\/ni\/producto\/banner-brillante-s-canuto-exterior\/","title":{"rendered":"BANNER BRILLANTE"},"content":{"rendered":"<p>[et_pb_section fb_built=\u00bb1&#8243; _builder_version=\u00bb4.16&#8243; custom_padding=\u00bb0px||0px||false|false\u00bb global_colors_info=\u00bb{}\u00bb][et_pb_row column_structure=\u00bb1_2,1_2&#8243; _builder_version=\u00bb4.18.0&#8243; background_size=\u00bbinitial\u00bb background_position=\u00bbtop_left\u00bb background_repeat=\u00bbrepeat\u00bb width=\u00bb100%\u00bb custom_padding=\u00bb0px||0px||false|false\u00bb global_colors_info=\u00bb{}\u00bb][et_pb_column type=\u00bb1_2&#8243; _builder_version=\u00bb4.18.0&#8243; custom_padding=\u00bb|||\u00bb global_colors_info=\u00bb{}\u00bb custom_padding__hover=\u00bb|||\u00bb][et_pb_wc_breadcrumb disabled_on=\u00bbon|off|off\u00bb admin_label=\u00bbWoo Pan rallado\u00bb _builder_version=\u00bb4.18.0&#8243; body_font=\u00bbMontserrat||||||||\u00bb body_text_color=\u00bb#545454&#8243; transform_scale_tablet=\u00bb\u00bb transform_scale_phone=\u00bb\u00bb transform_scale_last_edited=\u00bbon|desktop\u00bb transform_translate=\u00bb-89px|8px\u00bb transform_translate_tablet=\u00bb17px|0px\u00bb transform_translate_phone=\u00bb17px|0px\u00bb transform_translate_last_edited=\u00bbon|desktop\u00bb transform_rotate_tablet=\u00bb\u00bb transform_rotate_phone=\u00bb\u00bb transform_rotate_last_edited=\u00bbon|desktop\u00bb transform_skew_tablet=\u00bb\u00bb transform_skew_phone=\u00bb\u00bb transform_skew_last_edited=\u00bbon|desktop\u00bb transform_origin_tablet=\u00bb\u00bb transform_origin_phone=\u00bb\u00bb transform_origin_last_edited=\u00bbon|desktop\u00bb transform_styles_last_edited=\u00bbon|desktop\u00bb custom_margin=\u00bb|||100px|false|false\u00bb custom_margin_tablet=\u00bb|||0px|false|false\u00bb custom_margin_phone=\u00bb|||0px|false|false\u00bb custom_margin_last_edited=\u00bbon|phone\u00bb body_font_size_tablet=\u00bb13px\u00bb body_font_size_phone=\u00bb\u00bb body_font_size_last_edited=\u00bbon|desktop\u00bb transform_styles_tablet=\u00bb\u00bb transform_styles_phone=\u00bb\u00bb global_colors_info=\u00bb{}\u00bb][\/et_pb_wc_breadcrumb][et_pb_wc_images show_sale_badge=\u00bboff\u00bb _builder_version=\u00bb4.16&#8243; global_colors_info=\u00bb{}\u00bb][\/et_pb_wc_images][\/et_pb_column][et_pb_column type=\u00bb1_2&#8243; _builder_version=\u00bb4.16&#8243; custom_padding=\u00bb|||\u00bb global_colors_info=\u00bb{}\u00bb custom_padding__hover=\u00bb|||\u00bb][et_pb_wc_title admin_label=\u00bbWoo Product Title\u00bb _builder_version=\u00bb4.18.0&#8243; header_font=\u00bbMontserrat|600||on|||||\u00bb header_text_color=\u00bb#017d49&#8243; header_font_size=\u00bb29px\u00bb custom_margin_tablet=\u00bb|||20px|false|false\u00bb custom_margin_phone=\u00bb|||20px|false|false\u00bb custom_margin_last_edited=\u00bbon|phone\u00bb global_colors_info=\u00bb{}\u00bb][\/et_pb_wc_title][et_pb_divider color=\u00bb#017d49&#8243; _builder_version=\u00bb4.18.0&#8243; _module_preset=\u00bbdefault\u00bb min_height=\u00bb15.8px\u00bb custom_margin=\u00bb-20px||||false|false\u00bb custom_padding=\u00bb||0px|||\u00bb global_colors_info=\u00bb{}\u00bb][\/et_pb_divider][et_pb_image src=\u00bbhttps:\/\/www.contimaca.com\/cr\/wp-content\/uploads\/2022\/11\/Copia-de-BANNER-BRILLANTE-SCANUTO-EXTERIOR-3-1.png\u00bb title_text=\u00bbCopia de BANNER BRILLANTE SCANUTO EXTERIOR (3)\u00bb _builder_version=\u00bb4.19.0&#8243; _module_preset=\u00bbdefault\u00bb width=\u00bb34%\u00bb width_tablet=\u00bb34%\u00bb width_phone=\u00bb47%\u00bb width_last_edited=\u00bbon|phone\u00bb max_width=\u00bb44%\u00bb custom_margin=\u00bb-95px|||-19px|false|false\u00bb custom_margin_tablet=\u00bb-95px|||-19px|false|false\u00bb custom_margin_phone=\u00bb|||-2px|false|false\u00bb custom_margin_last_edited=\u00bbon|phone\u00bb global_colors_info=\u00bb{}\u00bb][\/et_pb_image][et_pb_text _builder_version=\u00bb4.19.0&#8243; _module_preset=\u00bbdefault\u00bb text_font_size=\u00bb23px\u00bb text_line_height=\u00bb1em\u00bb custom_margin=\u00bb-82px||3px||false|false\u00bb custom_margin_tablet=\u00bb-82px||3px||false|false\u00bb custom_margin_phone=\u00bb|||17px|false|false\u00bb custom_margin_last_edited=\u00bbon|phone\u00bb global_colors_info=\u00bb{}\u00bb]<\/p>\n<p>Tama\u00f1os Disponibles<\/p>\n<p>[\/et_pb_text][et_pb_text _builder_version=\u00bb4.19.1&#8243; _module_preset=\u00bbdefault\u00bb text_font=\u00bbMontserrat||||||||\u00bb text_line_height=\u00bb0.6em\u00bb min_height=\u00bb28px\u00bb custom_margin=\u00bb15px||||false|false\u00bb custom_margin_tablet=\u00bb15px||||false|false\u00bb custom_margin_phone=\u00bb|||17px|false|false\u00bb custom_margin_last_edited=\u00bbon|phone\u00bb global_colors_info=\u00bb{}\u00bb text_text_color__hover_enabled=\u00bboff|desktop\u00bb]<\/p>\n<p>1.05\u00a0 m x 50 m\u00a0 C\u00f3digo CF-BA13 -1.05X50<\/p>\n<p>1.37 m x 50 m\u00a0 C\u00f3digo CF-BA13 -1.32X50\u00a0<\/p>\n<p>1.60 m x 50 m\u00a0 C\u00f3digo CF-BA13 -1.60X50\u00a0<\/p>\n<p>3.20 m x 50 m\u00a0 C\u00f3digo CF-BA13-3.20X50\u00a0<\/p>\n<p>2.50 m x 50 m\u00a0 C\u00f3digo CF-BA13-2.50X50<\/p>\n<p>[\/et_pb_text][\/et_pb_column][\/et_pb_row][\/et_pb_section][et_pb_section fb_built=\u00bb1&#8243; _builder_version=\u00bb4.18.0&#8243; _module_preset=\u00bbdefault\u00bb background_color=\u00bb#bd0e0e\u00bb min_height=\u00bb259.2px\u00bb custom_margin=\u00bb16px||2px||false|false\u00bb global_colors_info=\u00bb{}\u00bb][et_pb_row column_structure=\u00bb1_2,1_2&#8243; _builder_version=\u00bb4.18.0&#8243; _module_preset=\u00bbdefault\u00bb custom_margin=\u00bb-35px||||false|false\u00bb global_colors_info=\u00bb{}\u00bb][et_pb_column type=\u00bb1_2&#8243; _builder_version=\u00bb4.16&#8243; _module_preset=\u00bbdefault\u00bb global_colors_info=\u00bb{}\u00bb][et_pb_image src=\u00bbhttps:\/\/www.contimaca.com\/cr\/wp-content\/uploads\/2021\/09\/Contimaca-Blanco-.png\u00bb title_text=\u00bbContimaca Blanco\u00bb _builder_version=\u00bb4.18.0&#8243; _module_preset=\u00bbdefault\u00bb width=\u00bb35%\u00bb custom_margin=\u00bb45px||||false|false\u00bb global_colors_info=\u00bb{}\u00bb][\/et_pb_image][\/et_pb_column][et_pb_column type=\u00bb1_2&#8243; _builder_version=\u00bb4.18.0&#8243; _module_preset=\u00bbdefault\u00bb global_colors_info=\u00bb{}\u00bb][et_pb_text _builder_version=\u00bb4.19.0&#8243; _module_preset=\u00bbdefault\u00bb text_font=\u00bbMontserrat||||||||\u00bb text_text_color=\u00bb#FFFFFF\u00bb custom_margin=\u00bb20px||||false|false\u00bb custom_padding=\u00bb||0px|||\u00bb global_colors_info=\u00bb{}\u00bb]<\/p>\n<p>Lona transl\u00facida y flexible para impresi\u00f3n digital gran formato. Es un sustrato laminado en PVC de mediana duraci\u00f3n. Posee un excelente costo-beneficio gracias a los diversos resultados que se pueden obtener de su uso.<\/p>\n<p>[\/et_pb_text][\/et_pb_column][\/et_pb_row][\/et_pb_section][et_pb_section fb_built=\u00bb1&#8243; _builder_version=\u00bb4.16&#8243; _module_preset=\u00bbdefault\u00bb custom_padding=\u00bb2px||0px|||\u00bb global_colors_info=\u00bb{}\u00bb][et_pb_row _builder_version=\u00bb4.16&#8243; _module_preset=\u00bbdefault\u00bb global_colors_info=\u00bb{}\u00bb][et_pb_column type=\u00bb4_4&#8243; _builder_version=\u00bb4.16&#8243; _module_preset=\u00bbdefault\u00bb global_colors_info=\u00bb{}\u00bb][et_pb_text _builder_version=\u00bb4.16&#8243; _module_preset=\u00bbdefault\u00bb text_font=\u00bbMontserrat|700||on|||||\u00bb text_text_color=\u00bb#0A5D2A\u00bb text_font_size=\u00bb30px\u00bb text_orientation=\u00bbcenter\u00bb global_colors_info=\u00bb{}\u00bb]Productos Relacionados [\/et_pb_text][et_pb_db_related_products remove_heading=\u00bbon\u00bb custom_loop=\u00bbon\u00bb loop_layout=\u00bb637&#8243; link_whole_gird=\u00bbon\u00bb equal_height=\u00bbon\u00bb to_show=\u00bb4&#8243; columns=\u00bb4&#8243; _builder_version=\u00bb4.18.0&#8243; _module_preset=\u00bbdefault\u00bb global_colors_info=\u00bb{}\u00bb][\/et_pb_db_related_products][\/et_pb_column][\/et_pb_row][\/et_pb_section]<\/p>\n","protected":false},"excerpt":{"rendered":"<ul>\n<li>107X50 C\u00f3digo: CF-VI102G<\/li>\n<li>Calidad garantizada<\/li>\n<\/ul>\n","protected":false},"featured_media":2430,"template":"","meta":{"_et_pb_use_builder":"on","_et_pb_old_content":"","_et_gb_content_width":""},"product_cat":[94],"product_tag":[],"class_list":{"0":"post-2698","1":"product","2":"type-product","3":"status-publish","4":"has-post-thumbnail","6":"product_cat-lonas-banner","8":"first","9":"instock","10":"shipping-taxable","11":"product-type-variable"},"_links":{"self":[{"href":"https:\/\/www.contimaca.com\/ni\/wp-json\/wp\/v2\/product\/2698","targetHints":{"allow":["GET"]}}],"collection":[{"href":"https:\/\/www.contimaca.com\/ni\/wp-json\/wp\/v2\/product"}],"about":[{"href":"https:\/\/www.contimaca.com\/ni\/wp-json\/wp\/v2\/types\/product"}],"wp:featuredmedia":[{"embeddable":true,"href":"https:\/\/www.contimaca.com\/ni\/wp-json\/wp\/v2\/media\/2430"}],"wp:attachment":[{"href":"https:\/\/www.contimaca.com\/ni\/wp-json\/wp\/v2\/media?parent=2698"}],"wp:term":[{"taxonomy":"product_cat","embeddable":true,"href":"https:\/\/www.contimaca.com\/ni\/wp-json\/wp\/v2\/product_cat?post=2698"},{"taxonomy":"product_tag","embeddable":true,"href":"https:\/\/www.contimaca.com\/ni\/wp-json\/wp\/v2\/product_tag?post=2698"}],"curies":[{"name":"wp","href":"https:\/\/api.w.org\/{rel}","templated":true}]}}