{"id":4407,"date":"2025-10-16T18:59:05","date_gmt":"2025-10-17T00:59:05","guid":{"rendered":"https:\/\/www.contimaca.com\/cr\/?post_type=product&#038;p=4407"},"modified":"2025-11-25T16:08:04","modified_gmt":"2025-11-25T22:08:04","slug":"ft-5430","status":"publish","type":"product","link":"https:\/\/www.contimaca.com\/cr\/producto\/ft-5430\/","title":{"rendered":"FT-5430"},"content":{"rendered":"<p>[et_pb_section fb_built=&#8221;1&#8243; _builder_version=&#8221;4.16&#8243; custom_padding=&#8221;0px||0px||false|false&#8221; global_colors_info=&#8221;{}&#8221;][et_pb_row disabled_on=&#8221;on|on|off&#8221; _builder_version=&#8221;4.16&#8243; background_size=&#8221;initial&#8221; background_position=&#8221;top_left&#8221; background_repeat=&#8221;repeat&#8221; width=&#8221;100%&#8221; custom_padding=&#8221;0px||15px||false|false&#8221; global_colors_info=&#8221;{}&#8221;][et_pb_column type=&#8221;4_4&#8243; _builder_version=&#8221;4.16&#8243; custom_padding=&#8221;|||&#8221; global_colors_info=&#8221;{}&#8221; custom_padding__hover=&#8221;|||&#8221;][et_pb_wc_breadcrumb disabled_on=&#8221;on|off|off&#8221; _builder_version=&#8221;4.16&#8243; body_font=&#8221;Montserrat||||||||&#8221; body_text_color=&#8221;#0A5D2A&#8221; custom_margin=&#8221;|||100px|false|false&#8221; custom_margin_tablet=&#8221;|||0px|false|false&#8221; custom_margin_phone=&#8221;|||0px|false|false&#8221; custom_margin_last_edited=&#8221;on|phone&#8221; body_font_size_tablet=&#8221;13px&#8221; body_font_size_phone=&#8221;&#8221; body_font_size_last_edited=&#8221;on|desktop&#8221; global_colors_info=&#8221;{}&#8221;][\/et_pb_wc_breadcrumb][\/et_pb_column][\/et_pb_row][et_pb_row column_structure=&#8221;1_2,1_2&#8243; _builder_version=&#8221;4.16&#8243; background_size=&#8221;initial&#8221; background_position=&#8221;top_left&#8221; background_repeat=&#8221;repeat&#8221; width=&#8221;100%&#8221; custom_padding=&#8221;0px||0px||false|false&#8221; global_colors_info=&#8221;{}&#8221;][et_pb_column type=&#8221;1_2&#8243; _builder_version=&#8221;4.16&#8243; custom_padding=&#8221;|||&#8221; global_colors_info=&#8221;{}&#8221; custom_padding__hover=&#8221;|||&#8221;][et_pb_wc_images show_sale_badge=&#8221;off&#8221; _builder_version=&#8221;4.16&#8243; global_colors_info=&#8221;{}&#8221;][\/et_pb_wc_images][\/et_pb_column][et_pb_column type=&#8221;1_2&#8243; _builder_version=&#8221;4.16&#8243; custom_padding=&#8221;|||&#8221; global_colors_info=&#8221;{}&#8221; custom_padding__hover=&#8221;|||&#8221;][et_pb_wc_title _builder_version=&#8221;4.16&#8243; header_font=&#8221;Montserrat|600|||||||&#8221; custom_margin_tablet=&#8221;|||20px|false|false&#8221; custom_margin_phone=&#8221;|||20px|false|false&#8221; custom_margin_last_edited=&#8221;on|phone&#8221; global_colors_info=&#8221;{}&#8221;][\/et_pb_wc_title][et_pb_wc_price _builder_version=&#8221;4.16&#8243; global_colors_info=&#8221;{}&#8221;][\/et_pb_wc_price][et_pb_wc_description _builder_version=&#8221;4.16&#8243; body_font=&#8221;Montserrat||||||||&#8221; custom_margin_tablet=&#8221;|||24px|false|false&#8221; custom_margin_phone=&#8221;&#8221; custom_margin_last_edited=&#8221;on|tablet&#8221; global_colors_info=&#8221;{}&#8221;][\/et_pb_wc_description][et_pb_button button_url=&#8221;https:\/\/www.risolatin.com\/es\/productos-riso\/comcolor-impresoras-de-inyeccion-de-tinta\/impresora-inyeccion-de-tinta\/comcolor-ft-5430\/&#8221; url_new_window=&#8221;on&#8221; button_text=&#8221;Brochure&#8221; _builder_version=&#8221;4.27.3&#8243; _module_preset=&#8221;default&#8221; custom_button=&#8221;on&#8221; button_text_color=&#8221;#0A5D2A&#8221; custom_margin=&#8221;-7px|||||&#8221; custom_margin_tablet=&#8221;|||30px|false|false&#8221; custom_margin_phone=&#8221;&#8221; custom_margin_last_edited=&#8221;on|phone&#8221; hover_enabled=&#8221;0&#8243; global_colors_info=&#8221;{}&#8221; sticky_enabled=&#8221;0&#8243;][\/et_pb_button][et_pb_image src=&#8221;https:\/\/www.contimaca.com\/cr\/wp-content\/uploads\/2022\/07\/Diseno-sin-titulo-8.png&#8221; alt=&#8221;Konica Minolta Logo Contimaca&#8221; title_text=&#8221;Dise\u00f1o sin t\u00edtulo (8)&#8221; _builder_version=&#8221;4.17.4&#8243; _module_preset=&#8221;default&#8221; width=&#8221;51%&#8221; custom_margin=&#8221;-5px||22px|||&#8221; custom_margin_tablet=&#8221;|||30px|false|false&#8221; custom_margin_phone=&#8221;|||30px|false|false&#8221; custom_margin_last_edited=&#8221;on|desktop&#8221; custom_padding=&#8221;0px|||||&#8221; global_colors_info=&#8221;{}&#8221;][\/et_pb_image][et_pb_wc_add_to_cart _builder_version=&#8221;4.16&#8243; global_colors_info=&#8221;{}&#8221;][\/et_pb_wc_add_to_cart][\/et_pb_column][\/et_pb_row][\/et_pb_section][et_pb_section fb_built=&#8221;1&#8243; _builder_version=&#8221;4.16&#8243; _module_preset=&#8221;default&#8221; background_color=&#8221;#BD0C0E&#8221; global_colors_info=&#8221;{}&#8221;][et_pb_row _builder_version=&#8221;4.16&#8243; _module_preset=&#8221;default&#8221; global_colors_info=&#8221;{}&#8221;][et_pb_column type=&#8221;4_4&#8243; _builder_version=&#8221;4.16&#8243; _module_preset=&#8221;default&#8221; global_colors_info=&#8221;{}&#8221;][et_pb_wc_description description_type=&#8221;description&#8221; _builder_version=&#8221;4.16&#8243; _module_preset=&#8221;default&#8221; body_font=&#8221;Montserrat|500|||||||&#8221; body_text_color=&#8221;#FFFFFF&#8221; body_font_size=&#8221;19px&#8221; global_colors_info=&#8221;{}&#8221;][\/et_pb_wc_description][\/et_pb_column][\/et_pb_row][\/et_pb_section][et_pb_section fb_built=&#8221;1&#8243; _builder_version=&#8221;4.16&#8243; _module_preset=&#8221;default&#8221; custom_padding=&#8221;2px||0px|||&#8221; global_colors_info=&#8221;{}&#8221;][et_pb_row _builder_version=&#8221;4.16&#8243; _module_preset=&#8221;default&#8221; global_colors_info=&#8221;{}&#8221;][et_pb_column type=&#8221;4_4&#8243; _builder_version=&#8221;4.16&#8243; _module_preset=&#8221;default&#8221; global_colors_info=&#8221;{}&#8221;][et_pb_text _builder_version=&#8221;4.16&#8243; _module_preset=&#8221;default&#8221; text_font=&#8221;Montserrat|700||on|||||&#8221; text_text_color=&#8221;#0A5D2A&#8221; text_font_size=&#8221;30px&#8221; text_orientation=&#8221;center&#8221; global_colors_info=&#8221;{}&#8221;]<\/p>\n<p>Productos Relacionados<\/p>\n<p>[\/et_pb_text][et_pb_db_related_products remove_heading=&#8221;on&#8221; custom_loop=&#8221;on&#8221; loop_layout=&#8221;637&#8243; link_whole_gird=&#8221;on&#8221; equal_height=&#8221;on&#8221; to_show=&#8221;4&#8243; columns=&#8221;4&#8243; _builder_version=&#8221;4.16&#8243; _module_preset=&#8221;default&#8221; global_colors_info=&#8221;{}&#8221; _i=&#8221;1&#8243; _address=&#8221;2.0.0.1&#8243; \/][\/et_pb_column][\/et_pb_row][\/et_pb_section]<\/p>\n","protected":false},"excerpt":{"rendered":"<ul>\n<li>Tipo: impresora de inyecci\u00f3n color.<\/li>\n<li>Velocidad: 140 ppm A4 simplex; ~70 ppm d\u00faplex.<\/li>\n<li>Resoluci\u00f3n: est\u00e1ndar 300 \u00d7 300 dpi; modo fino 300 \u00d7 600 dpi.<\/li>\n<li>Funciones: apilado, grapado, perforado, plegado, bajo consumo energ\u00e9tico.<\/li>\n<\/ul>\n","protected":false},"featured_media":4391,"template":"","meta":{"_et_pb_use_builder":"on","_et_pb_old_content":"","_et_gb_content_width":""},"product_brand":[],"product_cat":[83],"product_tag":[],"class_list":{"0":"post-4407","1":"product","2":"type-product","3":"status-publish","4":"has-post-thumbnail","6":"product_cat-riso","8":"first","9":"instock","10":"shipping-taxable","11":"product-type-simple"},"_links":{"self":[{"href":"https:\/\/www.contimaca.com\/cr\/wp-json\/wp\/v2\/product\/4407","targetHints":{"allow":["GET"]}}],"collection":[{"href":"https:\/\/www.contimaca.com\/cr\/wp-json\/wp\/v2\/product"}],"about":[{"href":"https:\/\/www.contimaca.com\/cr\/wp-json\/wp\/v2\/types\/product"}],"wp:featuredmedia":[{"embeddable":true,"href":"https:\/\/www.contimaca.com\/cr\/wp-json\/wp\/v2\/media\/4391"}],"wp:attachment":[{"href":"https:\/\/www.contimaca.com\/cr\/wp-json\/wp\/v2\/media?parent=4407"}],"wp:term":[{"taxonomy":"product_brand","embeddable":true,"href":"https:\/\/www.contimaca.com\/cr\/wp-json\/wp\/v2\/product_brand?post=4407"},{"taxonomy":"product_cat","embeddable":true,"href":"https:\/\/www.contimaca.com\/cr\/wp-json\/wp\/v2\/product_cat?post=4407"},{"taxonomy":"product_tag","embeddable":true,"href":"https:\/\/www.contimaca.com\/cr\/wp-json\/wp\/v2\/product_tag?post=4407"}],"curies":[{"name":"wp","href":"https:\/\/api.w.org\/{rel}","templated":true}]}}