{"id":3987,"date":"2024-11-18T17:31:30","date_gmt":"2024-11-18T23:31:30","guid":{"rendered":"https:\/\/www.contimaca.com\/cr\/?post_type=product&#038;p=3987"},"modified":"2025-11-25T15:47:55","modified_gmt":"2025-11-25T21:47:55","slug":"microperforado","status":"publish","type":"product","link":"https:\/\/www.contimaca.com\/cr\/producto\/microperforado\/","title":{"rendered":"Microperforado"},"content":{"rendered":"<p>[et_pb_section fb_built=&#8221;1&#8243; _builder_version=&#8221;4.16&#8243; custom_padding=&#8221;0px||||false|false&#8221; global_colors_info=&#8221;{}&#8221;][et_pb_row _builder_version=&#8221;4.16&#8243; background_size=&#8221;initial&#8221; background_position=&#8221;top_left&#8221; background_repeat=&#8221;repeat&#8221; width=&#8221;100%&#8221; custom_padding=&#8221;0px||0px||false|false&#8221; global_colors_info=&#8221;{}&#8221;][et_pb_column type=&#8221;4_4&#8243; _builder_version=&#8221;4.16&#8243; custom_padding=&#8221;|||&#8221; global_colors_info=&#8221;{}&#8221; custom_padding__hover=&#8221;|||&#8221;][et_pb_wc_breadcrumb _builder_version=&#8221;4.16&#8243; global_colors_info=&#8221;{}&#8221;][\/et_pb_wc_breadcrumb][et_pb_wc_cart_notice _builder_version=&#8221;4.16&#8243; global_colors_info=&#8221;{}&#8221;][\/et_pb_wc_cart_notice][\/et_pb_column][\/et_pb_row][et_pb_row _builder_version=&#8221;4.27.4&#8243; _module_preset=&#8221;default&#8221; global_colors_info=&#8221;{}&#8221;][et_pb_column type=&#8221;4_4&#8243; _builder_version=&#8221;4.27.4&#8243; _module_preset=&#8221;default&#8221; global_colors_info=&#8221;{}&#8221;][et_pb_image src=&#8221;https:\/\/www.contimaca.com\/cr\/wp-content\/uploads\/2025\/04\/Screenshot-2025-04-16-at-2.44.47\u202fPM.png&#8221; title_text=&#8221;Screenshot 2025-04-16 at 2.44.47\u202fPM&#8221; _builder_version=&#8221;4.27.4&#8243; _module_preset=&#8221;default&#8221; global_colors_info=&#8221;{}&#8221;][\/et_pb_image][\/et_pb_column][\/et_pb_row][et_pb_row _builder_version=&#8221;4.27.4&#8243; background_size=&#8221;initial&#8221; background_position=&#8221;top_left&#8221; background_repeat=&#8221;repeat&#8221; width=&#8221;41%&#8221; custom_padding=&#8221;0px||||false|false&#8221; global_colors_info=&#8221;{}&#8221;][et_pb_column type=&#8221;4_4&#8243; _builder_version=&#8221;4.16&#8243; custom_padding=&#8221;|||&#8221; global_colors_info=&#8221;{}&#8221; custom_padding__hover=&#8221;|||&#8221;][et_pb_wc_images _builder_version=&#8221;4.16&#8243; global_colors_info=&#8221;{}&#8221;][\/et_pb_wc_images][\/et_pb_column][\/et_pb_row][\/et_pb_section]<\/p>\n","protected":false},"excerpt":{"rendered":"<p>CF-VIOW<\/p>\n<p><strong>Tama\u00f1os:<\/strong><\/p>\n<ul>\n<li>1,37 x 50 m.<\/li>\n<li>1,52 x 50 m.<\/li>\n<\/ul>\n<p><strong>Descripci\u00f3n:<\/strong> Vinil microperforado.<\/p>\n<p><strong>Usos:<\/strong> es un vinil que cuenta con agujeros de tama\u00f1o uniforme, los cuales permiten pasar la luz al otro lado, por lo que se utilizan para la rotulaci\u00f3n y decoraci\u00f3n de ventanas y cristales.<\/p>\n","protected":false},"featured_media":3988,"template":"","meta":{"_et_pb_use_builder":"on","_et_pb_old_content":"","_et_gb_content_width":""},"product_brand":[],"product_cat":[72,89],"product_tag":[],"class_list":{"0":"post-3987","1":"product","2":"type-product","3":"status-publish","4":"has-post-thumbnail","6":"product_cat-consumibles","7":"product_cat-viniles","9":"first","10":"instock","11":"shipping-taxable","12":"product-type-simple"},"_links":{"self":[{"href":"https:\/\/www.contimaca.com\/cr\/wp-json\/wp\/v2\/product\/3987","targetHints":{"allow":["GET"]}}],"collection":[{"href":"https:\/\/www.contimaca.com\/cr\/wp-json\/wp\/v2\/product"}],"about":[{"href":"https:\/\/www.contimaca.com\/cr\/wp-json\/wp\/v2\/types\/product"}],"wp:featuredmedia":[{"embeddable":true,"href":"https:\/\/www.contimaca.com\/cr\/wp-json\/wp\/v2\/media\/3988"}],"wp:attachment":[{"href":"https:\/\/www.contimaca.com\/cr\/wp-json\/wp\/v2\/media?parent=3987"}],"wp:term":[{"taxonomy":"product_brand","embeddable":true,"href":"https:\/\/www.contimaca.com\/cr\/wp-json\/wp\/v2\/product_brand?post=3987"},{"taxonomy":"product_cat","embeddable":true,"href":"https:\/\/www.contimaca.com\/cr\/wp-json\/wp\/v2\/product_cat?post=3987"},{"taxonomy":"product_tag","embeddable":true,"href":"https:\/\/www.contimaca.com\/cr\/wp-json\/wp\/v2\/product_tag?post=3987"}],"curies":[{"name":"wp","href":"https:\/\/api.w.org\/{rel}","templated":true}]}}