{"id":3878,"date":"2024-10-10T15:04:41","date_gmt":"2024-10-10T21:04:41","guid":{"rendered":"https:\/\/www.contimaca.com\/cr\/?post_type=product&#038;p=3878"},"modified":"2025-11-25T16:09:11","modified_gmt":"2025-11-25T22:09:11","slug":"cnc-fenix-fx-1625-mf","status":"publish","type":"product","link":"https:\/\/www.contimaca.com\/cr\/producto\/cnc-fenix-fx-1625-mf\/","title":{"rendered":"CNC &#8211; Fenix FX-1625-MF"},"content":{"rendered":"<p>[et_pb_section fb_built=&#8221;1&#8243; _builder_version=&#8221;4.16&#8243; custom_padding=&#8221;0px||0px||false|false&#8221; global_colors_info=&#8221;{}&#8221;][et_pb_row disabled_on=&#8221;on|on|off&#8221; _builder_version=&#8221;4.16&#8243; background_size=&#8221;initial&#8221; background_position=&#8221;top_left&#8221; background_repeat=&#8221;repeat&#8221; width=&#8221;100%&#8221; custom_padding=&#8221;0px||15px||false|false&#8221; global_colors_info=&#8221;{}&#8221;][et_pb_column type=&#8221;4_4&#8243; _builder_version=&#8221;4.16&#8243; custom_padding=&#8221;|||&#8221; global_colors_info=&#8221;{}&#8221; custom_padding__hover=&#8221;|||&#8221;][et_pb_wc_breadcrumb disabled_on=&#8221;on|off|off&#8221; _builder_version=&#8221;4.16&#8243; body_font=&#8221;Montserrat||||||||&#8221; body_text_color=&#8221;#0A5D2A&#8221; custom_margin=&#8221;|||100px|false|false&#8221; custom_margin_tablet=&#8221;|||0px|false|false&#8221; custom_margin_phone=&#8221;|||0px|false|false&#8221; custom_margin_last_edited=&#8221;on|phone&#8221; body_font_size_tablet=&#8221;13px&#8221; body_font_size_phone=&#8221;&#8221; body_font_size_last_edited=&#8221;on|desktop&#8221; global_colors_info=&#8221;{}&#8221;][\/et_pb_wc_breadcrumb][\/et_pb_column][\/et_pb_row][et_pb_row column_structure=&#8221;1_2,1_2&#8243; _builder_version=&#8221;4.16&#8243; background_size=&#8221;initial&#8221; background_position=&#8221;top_left&#8221; background_repeat=&#8221;repeat&#8221; width=&#8221;100%&#8221; custom_padding=&#8221;0px||0px||false|false&#8221; global_colors_info=&#8221;{}&#8221;][et_pb_column type=&#8221;1_2&#8243; _builder_version=&#8221;4.16&#8243; custom_padding=&#8221;|||&#8221; global_colors_info=&#8221;{}&#8221; custom_padding__hover=&#8221;|||&#8221;][et_pb_wc_images show_sale_badge=&#8221;off&#8221; _builder_version=&#8221;4.16&#8243; global_colors_info=&#8221;{}&#8221;][\/et_pb_wc_images][\/et_pb_column][et_pb_column type=&#8221;1_2&#8243; _builder_version=&#8221;4.16&#8243; custom_padding=&#8221;|||&#8221; global_colors_info=&#8221;{}&#8221; custom_padding__hover=&#8221;|||&#8221;][et_pb_wc_title _builder_version=&#8221;4.16&#8243; header_font=&#8221;Montserrat|600|||||||&#8221; custom_margin_tablet=&#8221;|||20px|false|false&#8221; custom_margin_phone=&#8221;|||20px|false|false&#8221; custom_margin_last_edited=&#8221;on|phone&#8221; global_colors_info=&#8221;{}&#8221;][\/et_pb_wc_title][et_pb_wc_price _builder_version=&#8221;4.16&#8243; global_colors_info=&#8221;{}&#8221;][\/et_pb_wc_price][et_pb_wc_description _builder_version=&#8221;4.16&#8243; body_font=&#8221;Montserrat||||||||&#8221; custom_margin_tablet=&#8221;|||24px|false|false&#8221; custom_margin_phone=&#8221;&#8221; custom_margin_last_edited=&#8221;on|tablet&#8221; global_colors_info=&#8221;{}&#8221;][\/et_pb_wc_description][et_pb_image src=&#8221;https:\/\/www.contimaca.com\/cr\/wp-content\/uploads\/2021\/10\/Logo-Fenix-Nuevo.jpg&#8221; alt=&#8221;Konica Minolta Logo Contimaca&#8221; title_text=&#8221;Logo Fenix Nuevo&#8221; _builder_version=&#8221;4.27.2&#8243; _module_preset=&#8221;default&#8221; width=&#8221;51%&#8221; custom_margin=&#8221;-5px|||||&#8221; custom_margin_tablet=&#8221;|||30px|false|false&#8221; custom_margin_phone=&#8221;|||30px|false|false&#8221; custom_margin_last_edited=&#8221;on|desktop&#8221; custom_padding=&#8221;0px|||||&#8221; global_colors_info=&#8221;{}&#8221;][\/et_pb_image][et_pb_wc_add_to_cart _builder_version=&#8221;4.16&#8243; global_colors_info=&#8221;{}&#8221;][\/et_pb_wc_add_to_cart][\/et_pb_column][\/et_pb_row][\/et_pb_section]<\/p>\n","protected":false},"excerpt":{"rendered":"<ul>\n<li>Herramientas Compatibles: Broca, Cuchilla Oscilante, Cuchilla de arrastre, V-CUT, Rueda para dobleces, Camara.<\/li>\n<li>\u00c1rea de trabajo: 1,60 mtrs x 2,50 mtrs<\/li>\n<li>\u00c1reas de trabajo: 8 Zonas permiten la absorci\u00f3n por \u00e1rea.<\/li>\n<li>Dispositivos de seguridad: Sensores Infrarrojos y botones de emergencia.<\/li>\n<li>Materiales de corte: Banner, cajas de cart\u00f3n, papel, viniles, cart\u00f3n corrugado, PVC, Acr\u00edlico, ACM, Coroplast, entre otros.<\/li>\n<li>Profundidad de corte: 30 mm<\/li>\n<li>Superficie de corte: Cama fija \/ Conveyor<\/li>\n<li>Voltaje de funcionamiento: AC Power 220V.<\/li>\n<li>Peso del equipo: 860 KG<\/li>\n<li>Dimensiones del equipo: 2,3 mtrs Ancho x 3,56 mtrs Largo x 1,3 mtrs de Alto.<\/li>\n<\/ul>\n","protected":false},"featured_media":3881,"template":"","meta":{"_et_pb_use_builder":"on","_et_pb_old_content":"","_et_gb_content_width":""},"product_brand":[],"product_cat":[127,120,123],"product_tag":[],"class_list":{"0":"post-3878","1":"product","2":"type-product","3":"status-publish","4":"has-post-thumbnail","6":"product_cat-produccionindustrialcnc","7":"product_cat-equipos-de-produccion-industrial","8":"product_cat-equiposdeproduccionindustrial","10":"first","11":"instock","12":"shipping-taxable","13":"product-type-simple"},"_links":{"self":[{"href":"https:\/\/www.contimaca.com\/cr\/wp-json\/wp\/v2\/product\/3878","targetHints":{"allow":["GET"]}}],"collection":[{"href":"https:\/\/www.contimaca.com\/cr\/wp-json\/wp\/v2\/product"}],"about":[{"href":"https:\/\/www.contimaca.com\/cr\/wp-json\/wp\/v2\/types\/product"}],"wp:featuredmedia":[{"embeddable":true,"href":"https:\/\/www.contimaca.com\/cr\/wp-json\/wp\/v2\/media\/3881"}],"wp:attachment":[{"href":"https:\/\/www.contimaca.com\/cr\/wp-json\/wp\/v2\/media?parent=3878"}],"wp:term":[{"taxonomy":"product_brand","embeddable":true,"href":"https:\/\/www.contimaca.com\/cr\/wp-json\/wp\/v2\/product_brand?post=3878"},{"taxonomy":"product_cat","embeddable":true,"href":"https:\/\/www.contimaca.com\/cr\/wp-json\/wp\/v2\/product_cat?post=3878"},{"taxonomy":"product_tag","embeddable":true,"href":"https:\/\/www.contimaca.com\/cr\/wp-json\/wp\/v2\/product_tag?post=3878"}],"curies":[{"name":"wp","href":"https:\/\/api.w.org\/{rel}","templated":true}]}}