{"id":1395,"date":"2021-09-24T14:26:44","date_gmt":"2021-09-24T14:26:44","guid":{"rendered":"https:\/\/www.contimaca.com\/cr\/?post_type=product&#038;p=1395"},"modified":"2025-04-16T19:48:15","modified_gmt":"2025-04-17T01:48:15","slug":"konica-minolta-accurio-press-c83hc","status":"publish","type":"product","link":"https:\/\/www.contimaca.com\/cr\/producto\/konica-minolta-accurio-press-c83hc\/","title":{"rendered":"Konica Minolta Accurio Press C83hc"},"content":{"rendered":"<p>[et_pb_section fb_built=&#8221;1&#8243; _builder_version=&#8221;4.16&#8243; custom_padding=&#8221;0px||0px||false|false&#8221; global_colors_info=&#8221;{}&#8221;][et_pb_row disabled_on=&#8221;on|on|off&#8221; _builder_version=&#8221;4.16&#8243; background_size=&#8221;initial&#8221; background_position=&#8221;top_left&#8221; background_repeat=&#8221;repeat&#8221; width=&#8221;100%&#8221; custom_padding=&#8221;0px||15px||false|false&#8221; global_colors_info=&#8221;{}&#8221;][et_pb_column type=&#8221;4_4&#8243; _builder_version=&#8221;4.16&#8243; custom_padding=&#8221;|||&#8221; global_colors_info=&#8221;{}&#8221; custom_padding__hover=&#8221;|||&#8221;][\/et_pb_column][\/et_pb_row][et_pb_row column_structure=&#8221;1_2,1_2&#8243; _builder_version=&#8221;4.16&#8243; background_size=&#8221;initial&#8221; background_position=&#8221;top_left&#8221; background_repeat=&#8221;repeat&#8221; width=&#8221;100%&#8221; custom_padding=&#8221;0px||0px||false|false&#8221; global_colors_info=&#8221;{}&#8221;][et_pb_column type=&#8221;1_2&#8243; _builder_version=&#8221;4.16&#8243; custom_padding=&#8221;|||&#8221; global_colors_info=&#8221;{}&#8221; custom_padding__hover=&#8221;|||&#8221;][et_pb_wc_images _builder_version=&#8221;4.16&#8243; global_colors_info=&#8221;{}&#8221;][\/et_pb_wc_images][\/et_pb_column][et_pb_column type=&#8221;1_2&#8243; _builder_version=&#8221;4.16&#8243; custom_padding=&#8221;|||&#8221; global_colors_info=&#8221;{}&#8221; custom_padding__hover=&#8221;|||&#8221;][et_pb_wc_title _builder_version=&#8221;4.16&#8243; header_font=&#8221;Montserrat|600|||||||&#8221; custom_margin_tablet=&#8221;|||20px|false|false&#8221; custom_margin_phone=&#8221;|||20px|false|false&#8221; custom_margin_last_edited=&#8221;on|phone&#8221; global_colors_info=&#8221;{}&#8221;][\/et_pb_wc_title][et_pb_wc_price _builder_version=&#8221;4.16&#8243; global_colors_info=&#8221;{}&#8221;][\/et_pb_wc_price][et_pb_wc_description _builder_version=&#8221;4.16&#8243; body_font=&#8221;Montserrat||||||||&#8221; custom_margin_tablet=&#8221;|||24px|false|false&#8221; custom_margin_phone=&#8221;&#8221; custom_margin_last_edited=&#8221;on|tablet&#8221; global_colors_info=&#8221;{}&#8221;][\/et_pb_wc_description][et_pb_button button_url=&#8221;https:\/\/www.contimaca.com\/cr\/wp-content\/uploads\/2021\/09\/Konica-Minolta-Accurio-Press-C83hc-Brochure.pdf&#8221; url_new_window=&#8221;on&#8221; button_text=&#8221;Brochure&#8221; _builder_version=&#8221;4.16&#8243; _module_preset=&#8221;default&#8221; custom_button=&#8221;on&#8221; button_text_color=&#8221;#0A5D2A&#8221; custom_margin=&#8221;-7px|||||&#8221; custom_margin_tablet=&#8221;|||30px|false|false&#8221; custom_margin_phone=&#8221;&#8221; custom_margin_last_edited=&#8221;on|phone&#8221; global_colors_info=&#8221;{}&#8221;][\/et_pb_button][et_pb_image src=&#8221;https:\/\/www.contimaca.com\/cr\/wp-content\/uploads\/2021\/09\/Konica-Minolta-Logo-Contimaca.png&#8221; alt=&#8221;Konica Minolta Logo Contimaca&#8221; title_text=&#8221;Konica Minolta Logo Contimaca&#8221; _builder_version=&#8221;4.16&#8243; _module_preset=&#8221;default&#8221; width=&#8221;51%&#8221; custom_margin=&#8221;-5px|||||&#8221; custom_margin_tablet=&#8221;|||30px|false|false&#8221; custom_margin_phone=&#8221;|||30px|false|false&#8221; custom_margin_last_edited=&#8221;on|desktop&#8221; custom_padding=&#8221;0px|||||&#8221; global_colors_info=&#8221;{}&#8221;][\/et_pb_image][et_pb_wc_add_to_cart _builder_version=&#8221;4.16&#8243; global_colors_info=&#8221;{}&#8221;][\/et_pb_wc_add_to_cart][\/et_pb_column][\/et_pb_row][\/et_pb_section]<\/p>\n","protected":false},"excerpt":{"rendered":"<ul>\n<li>Impresora High Chroma.<\/li>\n<li>Toner high chroma.<\/li>\n<li>M\u00e1s amplio Gamut de color, colores m\u00e1s vividos.<\/li>\n<li>Emulaci\u00f3n RGB, mayor fiabilidad con el monitor.<\/li>\n<li>Velocidad de impresi\u00f3n 80 ppm A4.<\/li>\n<li>Manejo de gramajes de papel desde 62gms hasta 350gms.<\/li>\n<li>Resoluci\u00f3n 1200 x 1200 dpi x 8 bits.<\/li>\n<li>Controlador de impresi\u00f3n Fiery \u00f3 Konica Minolta.<\/li>\n<li>Impresi\u00f3n de Banner hasta 13 x 47 pulgadas.<\/li>\n<\/ul>\n","protected":false},"featured_media":1397,"template":"","meta":{"_et_pb_use_builder":"on","_et_pb_old_content":"Sistema de impresi\u00f3n a color de mediano volumen ( High Chroma) alta resoluci\u00f3n y manejo de variedad de sustratos, dirigido al mercado de artes gr\u00e1ficas, con variedad de alternativas a nivel de accesorios para alimentaci\u00f3n y finalizado \/ Emulaci\u00f3n de impresi\u00f3n RGB + Vivido","_et_gb_content_width":""},"product_brand":[],"product_cat":[48,51],"product_tag":[],"class_list":{"0":"post-1395","1":"product","2":"type-product","3":"status-publish","4":"has-post-thumbnail","6":"product_cat-artesgraficas","7":"product_cat-konicaminolta","9":"first","10":"instock","11":"shipping-taxable","12":"product-type-simple"},"_links":{"self":[{"href":"https:\/\/www.contimaca.com\/cr\/wp-json\/wp\/v2\/product\/1395","targetHints":{"allow":["GET"]}}],"collection":[{"href":"https:\/\/www.contimaca.com\/cr\/wp-json\/wp\/v2\/product"}],"about":[{"href":"https:\/\/www.contimaca.com\/cr\/wp-json\/wp\/v2\/types\/product"}],"wp:featuredmedia":[{"embeddable":true,"href":"https:\/\/www.contimaca.com\/cr\/wp-json\/wp\/v2\/media\/1397"}],"wp:attachment":[{"href":"https:\/\/www.contimaca.com\/cr\/wp-json\/wp\/v2\/media?parent=1395"}],"wp:term":[{"taxonomy":"product_brand","embeddable":true,"href":"https:\/\/www.contimaca.com\/cr\/wp-json\/wp\/v2\/product_brand?post=1395"},{"taxonomy":"product_cat","embeddable":true,"href":"https:\/\/www.contimaca.com\/cr\/wp-json\/wp\/v2\/product_cat?post=1395"},{"taxonomy":"product_tag","embeddable":true,"href":"https:\/\/www.contimaca.com\/cr\/wp-json\/wp\/v2\/product_tag?post=1395"}],"curies":[{"name":"wp","href":"https:\/\/api.w.org\/{rel}","templated":true}]}}