{"id":4204,"date":"2025-03-25T08:20:08","date_gmt":"2025-03-25T14:20:08","guid":{"rendered":"https:\/\/www.contimaca.com\/cr\/?page_id=4204"},"modified":"2025-11-24T16:47:58","modified_gmt":"2025-11-24T22:47:58","slug":"servicio-tecnico","status":"publish","type":"page","link":"https:\/\/www.contimaca.com\/cr\/servicio-tecnico\/","title":{"rendered":"Servicio T\u00e9cnico"},"content":{"rendered":"<p>[et_pb_section fb_built=&#8221;1&#8243; _builder_version=&#8221;4.27.4&#8243; _module_preset=&#8221;default&#8221; global_colors_info=&#8221;{}&#8221;][et_pb_row _builder_version=&#8221;4.27.4&#8243; _module_preset=&#8221;default&#8221; global_colors_info=&#8221;{}&#8221;][et_pb_column type=&#8221;4_4&#8243; _builder_version=&#8221;4.27.4&#8243; _module_preset=&#8221;default&#8221; global_colors_info=&#8221;{}&#8221;][et_pb_blurb use_icon=&#8221;on&#8221; image_icon_width=&#8221;200%&#8221; content_max_width=&#8221;1100px&#8221; _builder_version=&#8221;4.27.4&#8243; _module_preset=&#8221;default&#8221; header_font=&#8221;|700|||||||&#8221; background_image=&#8221;https:\/\/www.contimaca.com\/cr\/wp-content\/uploads\/2025\/03\/1677574155122.jpg&#8221; background_size=&#8221;initial&#8221; image_icon_custom_margin=&#8221;|||14px|false|false&#8221; module_alignment=&#8221;center&#8221; min_height=&#8221;527px&#8221; custom_margin=&#8221;17px||||false|false&#8221; animation_style=&#8221;fade&#8221; inline_fonts=&#8221;Georgia&#8221; global_colors_info=&#8221;{}&#8221;]<\/p>\n<h1 style=\"text-align: center;\"><span style=\"color: #008000;\"><strong><\/strong><\/span><\/h1>\n<h1 style=\"text-align: center;\"><span style=\"color: #008000;\"><strong><\/strong><\/span><\/h1>\n<h1 style=\"text-align: center;\"><span style=\"color: #008000;\"><strong><\/strong><\/span><\/h1>\n<h1 style=\"text-align: center;\"><span style=\"color: #008000;\"><strong><\/strong><\/span><\/h1>\n<h1 style=\"text-align: center;\"><span style=\"color: #008000;\"><strong><\/strong><\/span><\/h1>\n<h1 style=\"text-align: center;\"><\/h1>\n<p>[\/et_pb_blurb][et_pb_text _builder_version=&#8221;4.27.3&#8243; _module_preset=&#8221;default&#8221; min_height=&#8221;222px&#8221; custom_padding=&#8221;||0px|||&#8221; animation_style=&#8221;fold&#8221; animation_duration=&#8221;2000ms&#8221; animation_delay=&#8221;1600ms&#8221; animation_starting_opacity=&#8221;56%&#8221; hover_enabled=&#8221;0&#8243; inline_fonts=&#8221;Verdana&#8221; global_colors_info=&#8221;{}&#8221; sticky_enabled=&#8221;0&#8243;]<\/p>\n<h4 class=\"p1\" style=\"text-align: center;\"><span style=\"font-family: Verdana; font-weight: normal; color: #067204; font-size: x-large;\"><strong><\/strong><\/span><\/h4>\n<h4 class=\"p1\" style=\"text-align: center;\"><span style=\"font-family: Verdana; font-weight: normal; color: #067204; font-size: x-large;\"><strong><\/strong><\/span><\/h4>\n<h4 class=\"p1\" style=\"text-align: center;\"><span style=\"font-family: Verdana; font-weight: normal; color: #067204; font-size: xx-large;\"><strong>SOPORTE T\u00c9CNICO CERTIFICADO <\/strong><\/span><\/h4>\n<h4 class=\"p1\" style=\"text-align: center;\"><span style=\"font-family: Verdana; font-weight: normal; color: #067204; font-size: xx-large;\"><strong>PARA LAS MEJORES MARCAS<\/strong><\/span><\/h4>\n<p class=\"p1\" style=\"text-align: justify;\"><span style=\"font-family: Verdana; font-size: large; color: #5e5e5e;\"><\/span><\/p>\n<p class=\"p1\" style=\"text-align: justify;\"><span style=\"font-family: Verdana; font-size: large; color: #444444;\">Certificaci\u00f3n, experiencia y confianza en cada servicio. Nuestro equipo t\u00e9cnico est\u00e1 certiicado por Konica Minolta, Kyocera, Roland, Riso, Liyu, Laserfiche y PaperCut, brindando soporte especializado para impresi\u00f3n, gran formato y gesti\u00f3n documental.\u00a0 \u00a0<\/span><\/p>\n<p class=\"p1\" style=\"text-align: justify;\"><span style=\"font-family: Verdana;\"><span style=\"font-size: large; color: #5e5e5e;\"><span style=\"color: #444444;\">Con Contimaca su empresa est\u00e1 respaldada por expertos que garatizan continuidad y eficiencia.\u00a0 <\/span>\u00a0<\/span>\u00a0<\/span><\/p>\n<h4 class=\"p1\" style=\"text-align: center;\"><span class=\"s1\" style=\"font-family: Verdana; font-weight: normal;\"><\/span><\/h4>\n<h4 class=\"p1\" style=\"text-align: center;\"><span class=\"s1\" style=\"font-family: Verdana; font-weight: normal;\"><\/span><\/h4>\n<p>[\/et_pb_text][\/et_pb_column][\/et_pb_row][et_pb_row _builder_version=&#8221;4.27.4&#8243; _module_preset=&#8221;default&#8221; min_height=&#8221;552px&#8221; custom_margin=&#8221;-90px|auto||auto||&#8221; custom_padding=&#8221;||0px|||&#8221; global_colors_info=&#8221;{}&#8221;][et_pb_column type=&#8221;4_4&#8243; _builder_version=&#8221;4.27.4&#8243; _module_preset=&#8221;default&#8221; global_colors_info=&#8221;{}&#8221;][et_pb_gallery gallery_ids=&#8221;4447,4448,4450,4451,4455&#8243; fullwidth=&#8221;on&#8221; _builder_version=&#8221;4.27.3&#8243; _module_preset=&#8221;default&#8221; width=&#8221;50%&#8221; module_alignment=&#8221;center&#8221; min_height=&#8221;658px&#8221; height=&#8221;306px&#8221; max_height=&#8221;335px&#8221; custom_margin=&#8221;1px||||false|false&#8221; custom_padding=&#8221;73px|||||&#8221; auto=&#8221;on&#8221; auto_speed=&#8221;2000&#8243; hover_transition_duration=&#8221;100ms&#8221; global_colors_info=&#8221;{}&#8221;][\/et_pb_gallery][et_pb_text _builder_version=&#8221;4.27.3&#8243; _module_preset=&#8221;default&#8221; custom_padding=&#8221;||2px|||&#8221; animation_style=&#8221;fold&#8221; animation_duration=&#8221;2000ms&#8221; animation_delay=&#8221;1600ms&#8221; animation_starting_opacity=&#8221;56%&#8221; inline_fonts=&#8221;Verdana&#8221; global_colors_info=&#8221;{}&#8221;]<\/p>\n<h4 class=\"p1\" style=\"text-align: center;\"><span style=\"font-family: Verdana; font-weight: normal;\"><strong>\u00bfPor qu\u00e9 es importante contar con t\u00e9cnicos certificados?<\/strong><\/span><\/h4>\n<h4 class=\"p1\" style=\"text-align: center;\"><span style=\"font-family: Verdana; font-weight: normal;\">La certificaci\u00f3n garantiza que nuestros especialistas se mantienen actualizados con<\/span><\/h4>\n<h4 class=\"p1\" style=\"text-align: center;\"><span style=\"font-family: Verdana; font-weight: normal;\">las \u00faltimas tecnolog\u00edas, procedimientos y herramientas de cada marca.<\/span><\/h4>\n<h4 class=\"p1\" style=\"text-align: center;\"><span style=\"font-family: Verdana; font-weight: normal;\">Gracias a esta formaci\u00f3n continua, nuestro equipo puede diagnosticar y resolver<\/span><\/h4>\n<h4 class=\"p1\" style=\"text-align: center;\"><span style=\"font-family: Verdana; font-weight: normal;\">incidencias con mayor precisi\u00f3n y rapidez, reduciendo los tiempos de inactividad y<\/span><\/h4>\n<h4 class=\"p1\" style=\"text-align: center;\"><span style=\"font-family: Verdana; font-weight: normal;\">asegurando el m\u00e1ximo rendimiento de sus equipos y soluciones.<\/span><\/h4>\n<h4 class=\"p1\" style=\"text-align: center;\"><span class=\"s1\" style=\"font-family: Verdana; font-weight: normal;\"><\/span><\/h4>\n<h4 class=\"p1\" style=\"text-align: center;\"><span class=\"s1\" style=\"font-family: Verdana; font-weight: normal;\"><\/span><\/h4>\n<h4 class=\"p1\" style=\"text-align: center;\"><span style=\"font-family: Verdana; font-weight: normal;\"><strong>Ventajas de ser distribuidores autorizados:<\/strong><\/span><\/h4>\n<ul>\n<li class=\"p1\" style=\"text-align: left;\">\n<h4><span style=\"font-family: Verdana; font-weight: normal;\">Acceso a manuales oficiales<\/span><\/h4>\n<\/li>\n<li class=\"p1\" style=\"text-align: left;\">\n<h4><span style=\"font-family: Verdana; font-weight: normal;\">Repuestos originales<\/span><\/h4>\n<\/li>\n<li class=\"p1\" style=\"text-align: left;\">\n<h4><span style=\"font-family: Verdana; font-weight: normal;\">Soporte directo con el fabricante<\/span><\/h4>\n<\/li>\n<li class=\"p1\" style=\"text-align: left;\">\n<h4><span style=\"font-family: Verdana; font-weight: normal;\">Actualizaci\u00f3n constante en tecnolog\u00eda y procesos<\/span><\/h4>\n<\/li>\n<li class=\"p1\" style=\"text-align: left;\">\n<h4><span style=\"font-family: Verdana; font-weight: normal;\">Implementaci\u00f3n de software<\/span><\/h4>\n<\/li>\n<\/ul>\n<p>[\/et_pb_text][\/et_pb_column][\/et_pb_row][\/et_pb_section]<\/p>\n","protected":false},"excerpt":{"rendered":"<p>SOPORTE T\u00c9CNICO CERTIFICADO PARA LAS MEJORES MARCAS Certificaci\u00f3n, experiencia y confianza en cada servicio. Nuestro equipo t\u00e9cnico est\u00e1 certiicado por Konica Minolta, Kyocera, Roland, Riso, Liyu, Laserfiche y PaperCut, brindando soporte especializado para impresi\u00f3n, gran formato y gesti\u00f3n documental.\u00a0 \u00a0 Con Contimaca su empresa est\u00e1 respaldada por expertos que garatizan continuidad y eficiencia.\u00a0 \u00a0\u00a0 \u00bfPor [&hellip;]<\/p>\n","protected":false},"author":18,"featured_media":0,"parent":0,"menu_order":0,"comment_status":"closed","ping_status":"closed","template":"","meta":{"_et_pb_use_builder":"on","_et_pb_old_content":"","_et_gb_content_width":"","footnotes":""},"class_list":["post-4204","page","type-page","status-publish","hentry"],"_links":{"self":[{"href":"https:\/\/www.contimaca.com\/cr\/wp-json\/wp\/v2\/pages\/4204","targetHints":{"allow":["GET"]}}],"collection":[{"href":"https:\/\/www.contimaca.com\/cr\/wp-json\/wp\/v2\/pages"}],"about":[{"href":"https:\/\/www.contimaca.com\/cr\/wp-json\/wp\/v2\/types\/page"}],"author":[{"embeddable":true,"href":"https:\/\/www.contimaca.com\/cr\/wp-json\/wp\/v2\/users\/18"}],"replies":[{"embeddable":true,"href":"https:\/\/www.contimaca.com\/cr\/wp-json\/wp\/v2\/comments?post=4204"}],"version-history":[{"count":32,"href":"https:\/\/www.contimaca.com\/cr\/wp-json\/wp\/v2\/pages\/4204\/revisions"}],"predecessor-version":[{"id":4526,"href":"https:\/\/www.contimaca.com\/cr\/wp-json\/wp\/v2\/pages\/4204\/revisions\/4526"}],"wp:attachment":[{"href":"https:\/\/www.contimaca.com\/cr\/wp-json\/wp\/v2\/media?parent=4204"}],"curies":[{"name":"wp","href":"https:\/\/api.w.org\/{rel}","templated":true}]}}